{"id":100,"date":"2022-03-13T16:28:50","date_gmt":"2022-03-13T15:28:50","guid":{"rendered":"https:\/\/www.jardindelavegeyre.fr\/?post_type=product&#038;p=100"},"modified":"2026-02-07T19:50:35","modified_gmt":"2026-02-07T18:50:35","slug":"ishikura","status":"publish","type":"product","link":"https:\/\/www.jardindelavegeyre.fr\/index.php\/produit\/ishikura\/","title":{"rendered":"Oignon c\u00e9bette Ishikura- Vendu par botte de 25"},"content":{"rendered":"<p>L\u2019Oignon-Poireau \u2018Ishikura long white\u2019 est une vari\u00e9t\u00e9 japonaise vivace qui forme de longues tiges blanches qui ressemblent au poireau mais se consomme comme un oignon. Saveur fine et d\u00e9licate, \u00e0 d\u00e9guster cru, cisel\u00e9 dans les salades, omelettes ou encore en tempura.<\/p>\n","protected":false},"excerpt":{"rendered":"<p>L\u2019Oignon-Poireau \u2018Ishikura long white\u2019 est une vari\u00e9t\u00e9 japonaise vivace qui forme de longues tiges blanches qui ressemblent au poireau mais se consomme comme un oignon. Saveur fine et d\u00e9licate, \u00e0 d\u00e9guster cru, cisel\u00e9 dans les salades, omelettes ou encore en tempura.<\/p>\n","protected":false},"featured_media":1538,"comment_status":"open","ping_status":"closed","template":"","meta":[],"product_brand":[],"product_cat":[15],"product_tag":[],"class_list":{"0":"post-100","1":"product","2":"type-product","3":"status-publish","4":"has-post-thumbnail","6":"product_cat-non-classe","8":"first","9":"instock","10":"shipping-taxable","11":"purchasable","12":"product-type-simple"},"_links":{"self":[{"href":"https:\/\/www.jardindelavegeyre.fr\/index.php\/wp-json\/wp\/v2\/product\/100","targetHints":{"allow":["GET"]}}],"collection":[{"href":"https:\/\/www.jardindelavegeyre.fr\/index.php\/wp-json\/wp\/v2\/product"}],"about":[{"href":"https:\/\/www.jardindelavegeyre.fr\/index.php\/wp-json\/wp\/v2\/types\/product"}],"replies":[{"embeddable":true,"href":"https:\/\/www.jardindelavegeyre.fr\/index.php\/wp-json\/wp\/v2\/comments?post=100"}],"wp:featuredmedia":[{"embeddable":true,"href":"https:\/\/www.jardindelavegeyre.fr\/index.php\/wp-json\/wp\/v2\/media\/1538"}],"wp:attachment":[{"href":"https:\/\/www.jardindelavegeyre.fr\/index.php\/wp-json\/wp\/v2\/media?parent=100"}],"wp:term":[{"taxonomy":"product_brand","embeddable":true,"href":"https:\/\/www.jardindelavegeyre.fr\/index.php\/wp-json\/wp\/v2\/product_brand?post=100"},{"taxonomy":"product_cat","embeddable":true,"href":"https:\/\/www.jardindelavegeyre.fr\/index.php\/wp-json\/wp\/v2\/product_cat?post=100"},{"taxonomy":"product_tag","embeddable":true,"href":"https:\/\/www.jardindelavegeyre.fr\/index.php\/wp-json\/wp\/v2\/product_tag?post=100"}],"curies":[{"name":"wp","href":"https:\/\/api.w.org\/{rel}","templated":true}]}}