{"id":105,"date":"2022-03-13T16:29:50","date_gmt":"2022-03-13T15:29:50","guid":{"rendered":"https:\/\/www.jardindelavegeyre.fr\/?post_type=product&#038;p=105"},"modified":"2026-05-08T08:42:40","modified_gmt":"2026-05-08T06:42:40","slug":"basilic-cannelle","status":"publish","type":"product","link":"https:\/\/www.jardindelavegeyre.fr\/index.php\/produit\/basilic-cannelle\/","title":{"rendered":"Basilic Cannelle"},"content":{"rendered":"<p>Petite vari\u00e9t\u00e9 (65 cm) dont le feuillage est d&rsquo;un vert olive \u00e0 brun ou pourpre, avec des fleurs violettes et blanches. Tr\u00e8s parfum\u00e9, il a l&rsquo;odeur et la saveur de la cannelle et des clous de girofle. Plus fragile que le Genovese, il craint le gel. <\/p>\n","protected":false},"excerpt":{"rendered":"<p>Petite vari\u00e9t\u00e9 (65 cm) dont le feuillage est d&rsquo;un vert olive \u00e0 brun ou pourpre, avec des fleurs violettes et blanches. Tr\u00e8s parfum\u00e9, il a l&rsquo;odeur et la saveur de la cannelle et des clous de girofle. Plus fragile que le Genovese, il craint le gel.<\/p>\n","protected":false},"featured_media":1496,"comment_status":"open","ping_status":"closed","template":"","meta":[],"product_brand":[],"product_cat":[23],"product_tag":[],"class_list":{"0":"post-105","1":"product","2":"type-product","3":"status-publish","4":"has-post-thumbnail","6":"product_cat-aromatique","8":"first","9":"instock","10":"shipping-taxable","11":"purchasable","12":"product-type-simple"},"_links":{"self":[{"href":"https:\/\/www.jardindelavegeyre.fr\/index.php\/wp-json\/wp\/v2\/product\/105","targetHints":{"allow":["GET"]}}],"collection":[{"href":"https:\/\/www.jardindelavegeyre.fr\/index.php\/wp-json\/wp\/v2\/product"}],"about":[{"href":"https:\/\/www.jardindelavegeyre.fr\/index.php\/wp-json\/wp\/v2\/types\/product"}],"replies":[{"embeddable":true,"href":"https:\/\/www.jardindelavegeyre.fr\/index.php\/wp-json\/wp\/v2\/comments?post=105"}],"wp:featuredmedia":[{"embeddable":true,"href":"https:\/\/www.jardindelavegeyre.fr\/index.php\/wp-json\/wp\/v2\/media\/1496"}],"wp:attachment":[{"href":"https:\/\/www.jardindelavegeyre.fr\/index.php\/wp-json\/wp\/v2\/media?parent=105"}],"wp:term":[{"taxonomy":"product_brand","embeddable":true,"href":"https:\/\/www.jardindelavegeyre.fr\/index.php\/wp-json\/wp\/v2\/product_brand?post=105"},{"taxonomy":"product_cat","embeddable":true,"href":"https:\/\/www.jardindelavegeyre.fr\/index.php\/wp-json\/wp\/v2\/product_cat?post=105"},{"taxonomy":"product_tag","embeddable":true,"href":"https:\/\/www.jardindelavegeyre.fr\/index.php\/wp-json\/wp\/v2\/product_tag?post=105"}],"curies":[{"name":"wp","href":"https:\/\/api.w.org\/{rel}","templated":true}]}}