{"id":1050,"date":"2022-04-02T07:46:35","date_gmt":"2022-04-02T05:46:35","guid":{"rendered":"https:\/\/www.jardindelavegeyre.fr\/?post_type=product&#038;p=1050"},"modified":"2026-01-30T07:35:03","modified_gmt":"2026-01-30T06:35:03","slug":"verde-claro","status":"publish","type":"product","link":"https:\/\/www.jardindelavegeyre.fr\/index.php\/produit\/verde-claro\/","title":{"rendered":"Verde Claro"},"content":{"rendered":"<p>Am\u00e9lioration de Raisin Vert. Fruits oblongs verts clair de 20 \u00e0 35 g \u00e0 \u00e9piderme tr\u00e8s fin. Le taux de sucre est tr\u00e8s sup\u00e9rieur aux autres vari\u00e9t\u00e9s. Le port buissonnant, cette vari\u00e9t\u00e9 de type cerise est tr\u00e8s productive.<\/p>\n","protected":false},"excerpt":{"rendered":"<p>Am\u00e9lioration de Raisin Vert. Fruits oblongs verts clair de 20 \u00e0 35 g \u00e0 \u00e9piderme tr\u00e8s fin. Le taux de sucre est tr\u00e8s sup\u00e9rieur aux autres vari\u00e9t\u00e9s. Le port buissonnant, cette vari\u00e9t\u00e9 de type cerise est tr\u00e8s productive.<\/p>\n","protected":false},"featured_media":1563,"comment_status":"open","ping_status":"closed","template":"","meta":[],"product_brand":[],"product_cat":[61],"product_tag":[],"class_list":{"0":"post-1050","1":"product","2":"type-product","3":"status-publish","4":"has-post-thumbnail","6":"product_cat-tomate-cerise","8":"first","9":"instock","10":"shipping-taxable","11":"purchasable","12":"product-type-simple"},"_links":{"self":[{"href":"https:\/\/www.jardindelavegeyre.fr\/index.php\/wp-json\/wp\/v2\/product\/1050","targetHints":{"allow":["GET"]}}],"collection":[{"href":"https:\/\/www.jardindelavegeyre.fr\/index.php\/wp-json\/wp\/v2\/product"}],"about":[{"href":"https:\/\/www.jardindelavegeyre.fr\/index.php\/wp-json\/wp\/v2\/types\/product"}],"replies":[{"embeddable":true,"href":"https:\/\/www.jardindelavegeyre.fr\/index.php\/wp-json\/wp\/v2\/comments?post=1050"}],"wp:featuredmedia":[{"embeddable":true,"href":"https:\/\/www.jardindelavegeyre.fr\/index.php\/wp-json\/wp\/v2\/media\/1563"}],"wp:attachment":[{"href":"https:\/\/www.jardindelavegeyre.fr\/index.php\/wp-json\/wp\/v2\/media?parent=1050"}],"wp:term":[{"taxonomy":"product_brand","embeddable":true,"href":"https:\/\/www.jardindelavegeyre.fr\/index.php\/wp-json\/wp\/v2\/product_brand?post=1050"},{"taxonomy":"product_cat","embeddable":true,"href":"https:\/\/www.jardindelavegeyre.fr\/index.php\/wp-json\/wp\/v2\/product_cat?post=1050"},{"taxonomy":"product_tag","embeddable":true,"href":"https:\/\/www.jardindelavegeyre.fr\/index.php\/wp-json\/wp\/v2\/product_tag?post=1050"}],"curies":[{"name":"wp","href":"https:\/\/api.w.org\/{rel}","templated":true}]}}