{"id":1198,"date":"2023-04-06T06:39:50","date_gmt":"2023-04-06T04:39:50","guid":{"rendered":"https:\/\/www.jardindelavegeyre.fr\/?post_type=product&#038;p=1198"},"modified":"2026-01-30T07:35:03","modified_gmt":"2026-01-30T06:35:03","slug":"cerise-rouge","status":"publish","type":"product","link":"https:\/\/www.jardindelavegeyre.fr\/index.php\/produit\/cerise-rouge\/","title":{"rendered":"Washington cherry"},"content":{"rendered":"<p>Cette vari\u00e9t\u00e9 vigoureuse offre de belles grappes de petits fruits ronds, de couleur rouge fonc\u00e9, de 25 \u00e0 30 g, \u00e0 la chair ferme et savoureuse. Ils se conservent particuli\u00e8rement bien sur pied ou en cave.<\/p>\n","protected":false},"excerpt":{"rendered":"<p>Cette vari\u00e9t\u00e9 vigoureuse offre de belles grappes de petits fruits ronds, de couleur rouge fonc\u00e9, de 25 \u00e0 30 g, \u00e0 la chair ferme et savoureuse. Ils se conservent particuli\u00e8rement bien sur pied ou en cave.<\/p>\n","protected":false},"featured_media":1564,"comment_status":"open","ping_status":"closed","template":"","meta":[],"product_brand":[],"product_cat":[61],"product_tag":[],"class_list":{"0":"post-1198","1":"product","2":"type-product","3":"status-publish","4":"has-post-thumbnail","6":"product_cat-tomate-cerise","8":"first","9":"instock","10":"shipping-taxable","11":"purchasable","12":"product-type-simple"},"_links":{"self":[{"href":"https:\/\/www.jardindelavegeyre.fr\/index.php\/wp-json\/wp\/v2\/product\/1198","targetHints":{"allow":["GET"]}}],"collection":[{"href":"https:\/\/www.jardindelavegeyre.fr\/index.php\/wp-json\/wp\/v2\/product"}],"about":[{"href":"https:\/\/www.jardindelavegeyre.fr\/index.php\/wp-json\/wp\/v2\/types\/product"}],"replies":[{"embeddable":true,"href":"https:\/\/www.jardindelavegeyre.fr\/index.php\/wp-json\/wp\/v2\/comments?post=1198"}],"wp:featuredmedia":[{"embeddable":true,"href":"https:\/\/www.jardindelavegeyre.fr\/index.php\/wp-json\/wp\/v2\/media\/1564"}],"wp:attachment":[{"href":"https:\/\/www.jardindelavegeyre.fr\/index.php\/wp-json\/wp\/v2\/media?parent=1198"}],"wp:term":[{"taxonomy":"product_brand","embeddable":true,"href":"https:\/\/www.jardindelavegeyre.fr\/index.php\/wp-json\/wp\/v2\/product_brand?post=1198"},{"taxonomy":"product_cat","embeddable":true,"href":"https:\/\/www.jardindelavegeyre.fr\/index.php\/wp-json\/wp\/v2\/product_cat?post=1198"},{"taxonomy":"product_tag","embeddable":true,"href":"https:\/\/www.jardindelavegeyre.fr\/index.php\/wp-json\/wp\/v2\/product_tag?post=1198"}],"curies":[{"name":"wp","href":"https:\/\/api.w.org\/{rel}","templated":true}]}}