{"id":1408,"date":"2025-04-15T18:49:33","date_gmt":"2025-04-15T16:49:33","guid":{"rendered":"https:\/\/www.jardindelavegeyre.fr\/?post_type=product&#038;p=1408"},"modified":"2026-04-24T08:10:48","modified_gmt":"2026-04-24T06:10:48","slug":"rugosa-friulana","status":"publish","type":"product","link":"https:\/\/www.jardindelavegeyre.fr\/index.php\/produit\/rugosa-friulana\/","title":{"rendered":"Rugosa friulana"},"content":{"rendered":"<p>Plante buissonnantes, non coureuses. Fruits recourb\u00e9s jaunes, \u00e0 peau fine et enti\u00e8rement verruqueuse. Chair ferme et go\u00fbteuse, \u00e0 la saveur extraordinaire de fond d&rsquo;artichaut. A r\u00e9colter jeune. A manger crue ou cuite sans l&rsquo;\u00e9plucher.<\/p>\n","protected":false},"excerpt":{"rendered":"<p>Plante buissonnantes, non coureuses. Fruits recourb\u00e9s jaunes, \u00e0 peau fine et enti\u00e8rement verruqueuse. Chair ferme et go\u00fbteuse, \u00e0 la saveur extraordinaire de fond d&rsquo;artichaut. A r\u00e9colter jeune. A manger crue ou cuite sans l&rsquo;\u00e9plucher.<\/p>\n","protected":false},"featured_media":1520,"comment_status":"open","ping_status":"closed","template":"","meta":[],"product_brand":[],"product_cat":[36],"product_tag":[],"class_list":{"0":"post-1408","1":"product","2":"type-product","3":"status-publish","4":"has-post-thumbnail","6":"product_cat-courgette","8":"first","9":"instock","10":"shipping-taxable","11":"purchasable","12":"product-type-simple"},"_links":{"self":[{"href":"https:\/\/www.jardindelavegeyre.fr\/index.php\/wp-json\/wp\/v2\/product\/1408","targetHints":{"allow":["GET"]}}],"collection":[{"href":"https:\/\/www.jardindelavegeyre.fr\/index.php\/wp-json\/wp\/v2\/product"}],"about":[{"href":"https:\/\/www.jardindelavegeyre.fr\/index.php\/wp-json\/wp\/v2\/types\/product"}],"replies":[{"embeddable":true,"href":"https:\/\/www.jardindelavegeyre.fr\/index.php\/wp-json\/wp\/v2\/comments?post=1408"}],"wp:featuredmedia":[{"embeddable":true,"href":"https:\/\/www.jardindelavegeyre.fr\/index.php\/wp-json\/wp\/v2\/media\/1520"}],"wp:attachment":[{"href":"https:\/\/www.jardindelavegeyre.fr\/index.php\/wp-json\/wp\/v2\/media?parent=1408"}],"wp:term":[{"taxonomy":"product_brand","embeddable":true,"href":"https:\/\/www.jardindelavegeyre.fr\/index.php\/wp-json\/wp\/v2\/product_brand?post=1408"},{"taxonomy":"product_cat","embeddable":true,"href":"https:\/\/www.jardindelavegeyre.fr\/index.php\/wp-json\/wp\/v2\/product_cat?post=1408"},{"taxonomy":"product_tag","embeddable":true,"href":"https:\/\/www.jardindelavegeyre.fr\/index.php\/wp-json\/wp\/v2\/product_tag?post=1408"}],"curies":[{"name":"wp","href":"https:\/\/api.w.org\/{rel}","templated":true}]}}