{"id":152,"date":"2022-03-13T16:58:30","date_gmt":"2022-03-13T15:58:30","guid":{"rendered":"https:\/\/www.jardindelavegeyre.fr\/?post_type=product&#038;p=152"},"modified":"2026-01-30T07:35:01","modified_gmt":"2026-01-30T06:35:01","slug":"fdc","status":"publish","type":"product","link":"https:\/\/www.jardindelavegeyre.fr\/index.php\/produit\/fdc\/","title":{"rendered":"Laitue feuille de ch\u00eane rouge \u2013 6 mottes"},"content":{"rendered":"<p>Cette magnifique vari\u00e9t\u00e9 offre de belles feuilles de ch\u00eane, tendres, croquantes et d\u00e9coup\u00e9es, d\u2019une sublime couleur pourpre intense\u2009!<\/p>\n","protected":false},"excerpt":{"rendered":"<p>Cette magnifique vari\u00e9t\u00e9 offre de belles feuilles de ch\u00eane, tendres, croquantes et d\u00e9coup\u00e9es, d\u2019une sublime couleur pourpre intense\u2009!<\/p>\n","protected":false},"featured_media":1545,"comment_status":"open","ping_status":"closed","template":"","meta":[],"product_brand":[],"product_cat":[73],"product_tag":[],"class_list":{"0":"post-152","1":"product","2":"type-product","3":"status-publish","4":"has-post-thumbnail","6":"product_cat-divers","8":"first","9":"instock","10":"shipping-taxable","11":"purchasable","12":"product-type-simple"},"_links":{"self":[{"href":"https:\/\/www.jardindelavegeyre.fr\/index.php\/wp-json\/wp\/v2\/product\/152","targetHints":{"allow":["GET"]}}],"collection":[{"href":"https:\/\/www.jardindelavegeyre.fr\/index.php\/wp-json\/wp\/v2\/product"}],"about":[{"href":"https:\/\/www.jardindelavegeyre.fr\/index.php\/wp-json\/wp\/v2\/types\/product"}],"replies":[{"embeddable":true,"href":"https:\/\/www.jardindelavegeyre.fr\/index.php\/wp-json\/wp\/v2\/comments?post=152"}],"wp:featuredmedia":[{"embeddable":true,"href":"https:\/\/www.jardindelavegeyre.fr\/index.php\/wp-json\/wp\/v2\/media\/1545"}],"wp:attachment":[{"href":"https:\/\/www.jardindelavegeyre.fr\/index.php\/wp-json\/wp\/v2\/media?parent=152"}],"wp:term":[{"taxonomy":"product_brand","embeddable":true,"href":"https:\/\/www.jardindelavegeyre.fr\/index.php\/wp-json\/wp\/v2\/product_brand?post=152"},{"taxonomy":"product_cat","embeddable":true,"href":"https:\/\/www.jardindelavegeyre.fr\/index.php\/wp-json\/wp\/v2\/product_cat?post=152"},{"taxonomy":"product_tag","embeddable":true,"href":"https:\/\/www.jardindelavegeyre.fr\/index.php\/wp-json\/wp\/v2\/product_tag?post=152"}],"curies":[{"name":"wp","href":"https:\/\/api.w.org\/{rel}","templated":true}]}}