{"id":166,"date":"2022-03-13T16:59:52","date_gmt":"2022-03-13T15:59:52","guid":{"rendered":"https:\/\/www.jardindelavegeyre.fr\/?post_type=product&#038;p=166"},"modified":"2026-01-30T07:35:03","modified_gmt":"2026-01-30T06:35:03","slug":"mirabelle-blanche","status":"publish","type":"product","link":"https:\/\/www.jardindelavegeyre.fr\/index.php\/produit\/mirabelle-blanche\/","title":{"rendered":"Miel du Mexique"},"content":{"rendered":"<p>La tomate Miel du Mexique est une vari\u00e9t\u00e9 tardive, productive, r\u00e9sistante \u00e0 la s\u00e9cheresse et \u00e0 l&rsquo;\u00e9clatement. Fruits de 15 \u00e0 20 g, juteux, chair douce, l\u00e9g\u00e8rement acidul\u00e9e et sucr\u00e9e, d&rsquo;un go\u00fbt exquis. En salade, conserve, confiture. La tomate Miel du Mexique serait plut\u00f4t tol\u00e9rante au mildiou.<\/p>\n","protected":false},"excerpt":{"rendered":"<p>La tomate Miel du Mexique est une vari\u00e9t\u00e9 tardive, productive, r\u00e9sistante \u00e0 la s\u00e9cheresse et \u00e0 l&rsquo;\u00e9clatement. Fruits de 15 \u00e0 20 g, juteux, chair douce, l\u00e9g\u00e8rement acidul\u00e9e et sucr\u00e9e, d&rsquo;un go\u00fbt exquis. En salade, conserve, confiture. La tomate Miel du Mexique serait plut\u00f4t tol\u00e9rante au mildiou.<\/p>\n","protected":false},"featured_media":1196,"comment_status":"open","ping_status":"closed","template":"","meta":[],"product_brand":[],"product_cat":[61],"product_tag":[],"class_list":{"0":"post-166","1":"product","2":"type-product","3":"status-publish","4":"has-post-thumbnail","6":"product_cat-tomate-cerise","8":"first","9":"instock","10":"shipping-taxable","11":"purchasable","12":"product-type-simple"},"_links":{"self":[{"href":"https:\/\/www.jardindelavegeyre.fr\/index.php\/wp-json\/wp\/v2\/product\/166","targetHints":{"allow":["GET"]}}],"collection":[{"href":"https:\/\/www.jardindelavegeyre.fr\/index.php\/wp-json\/wp\/v2\/product"}],"about":[{"href":"https:\/\/www.jardindelavegeyre.fr\/index.php\/wp-json\/wp\/v2\/types\/product"}],"replies":[{"embeddable":true,"href":"https:\/\/www.jardindelavegeyre.fr\/index.php\/wp-json\/wp\/v2\/comments?post=166"}],"wp:featuredmedia":[{"embeddable":true,"href":"https:\/\/www.jardindelavegeyre.fr\/index.php\/wp-json\/wp\/v2\/media\/1196"}],"wp:attachment":[{"href":"https:\/\/www.jardindelavegeyre.fr\/index.php\/wp-json\/wp\/v2\/media?parent=166"}],"wp:term":[{"taxonomy":"product_brand","embeddable":true,"href":"https:\/\/www.jardindelavegeyre.fr\/index.php\/wp-json\/wp\/v2\/product_brand?post=166"},{"taxonomy":"product_cat","embeddable":true,"href":"https:\/\/www.jardindelavegeyre.fr\/index.php\/wp-json\/wp\/v2\/product_cat?post=166"},{"taxonomy":"product_tag","embeddable":true,"href":"https:\/\/www.jardindelavegeyre.fr\/index.php\/wp-json\/wp\/v2\/product_tag?post=166"}],"curies":[{"name":"wp","href":"https:\/\/api.w.org\/{rel}","templated":true}]}}