{"id":867,"date":"2022-03-13T16:29:02","date_gmt":"2022-03-13T15:29:02","guid":{"rendered":"https:\/\/www.jardindelavegeyre.fr\/?post_type=product&#038;p=867"},"modified":"2026-01-30T07:35:01","modified_gmt":"2026-01-30T06:35:01","slug":"toulouges","status":"publish","type":"product","link":"https:\/\/www.jardindelavegeyre.fr\/index.php\/produit\/toulouges\/","title":{"rendered":"Oignon Rouge de Toulouges &#8211; Vendu par botte de 25"},"content":{"rendered":"<p>Tr\u00e8s gros oignon doux, de forme l\u00e9g\u00e8rement aplatie, pouvant atteindre 10-15 cm de diam\u00e8tre, d&rsquo;un beau rouge violac\u00e9. La chair, blanche, est douce, sucr\u00e9e et parfum\u00e9e La conservation est moyenne (automne) Vari\u00e9t\u00e9 traditionnelle des Pyr\u00e9n\u00e9es-Orientales.<\/p>\n","protected":false},"excerpt":{"rendered":"<p>Tr\u00e8s gros oignon doux, de forme l\u00e9g\u00e8rement aplatie, pouvant atteindre 10-15 cm de diam\u00e8tre, d&rsquo;un beau rouge violac\u00e9. La chair, blanche, est douce, sucr\u00e9e et parfum\u00e9e La conservation est moyenne (automne) Vari\u00e9t\u00e9 traditionnelle des Pyr\u00e9n\u00e9es-Orientales.<\/p>\n","protected":false},"featured_media":1539,"comment_status":"open","ping_status":"closed","template":"","meta":[],"product_brand":[],"product_cat":[15],"product_tag":[],"class_list":{"0":"post-867","1":"product","2":"type-product","3":"status-publish","4":"has-post-thumbnail","6":"product_cat-non-classe","8":"first","9":"instock","10":"shipping-taxable","11":"purchasable","12":"product-type-simple"},"_links":{"self":[{"href":"https:\/\/www.jardindelavegeyre.fr\/index.php\/wp-json\/wp\/v2\/product\/867","targetHints":{"allow":["GET"]}}],"collection":[{"href":"https:\/\/www.jardindelavegeyre.fr\/index.php\/wp-json\/wp\/v2\/product"}],"about":[{"href":"https:\/\/www.jardindelavegeyre.fr\/index.php\/wp-json\/wp\/v2\/types\/product"}],"replies":[{"embeddable":true,"href":"https:\/\/www.jardindelavegeyre.fr\/index.php\/wp-json\/wp\/v2\/comments?post=867"}],"wp:featuredmedia":[{"embeddable":true,"href":"https:\/\/www.jardindelavegeyre.fr\/index.php\/wp-json\/wp\/v2\/media\/1539"}],"wp:attachment":[{"href":"https:\/\/www.jardindelavegeyre.fr\/index.php\/wp-json\/wp\/v2\/media?parent=867"}],"wp:term":[{"taxonomy":"product_brand","embeddable":true,"href":"https:\/\/www.jardindelavegeyre.fr\/index.php\/wp-json\/wp\/v2\/product_brand?post=867"},{"taxonomy":"product_cat","embeddable":true,"href":"https:\/\/www.jardindelavegeyre.fr\/index.php\/wp-json\/wp\/v2\/product_cat?post=867"},{"taxonomy":"product_tag","embeddable":true,"href":"https:\/\/www.jardindelavegeyre.fr\/index.php\/wp-json\/wp\/v2\/product_tag?post=867"}],"curies":[{"name":"wp","href":"https:\/\/api.w.org\/{rel}","templated":true}]}}