{"id":873,"date":"2022-03-13T16:31:57","date_gmt":"2022-03-13T15:31:57","guid":{"rendered":"https:\/\/www.jardindelavegeyre.fr\/?post_type=product&#038;p=873"},"modified":"2026-04-24T08:10:48","modified_gmt":"2026-04-24T06:10:48","slug":"turban","status":"publish","type":"product","link":"https:\/\/www.jardindelavegeyre.fr\/index.php\/produit\/turban\/","title":{"rendered":"Turban Turc"},"content":{"rendered":"<p>Fruit rond orange de 20 cm de diam\u00e8tre, renfl\u00e9 en dessous. Tr\u00e8s d\u00e9coratif \u00e0 l\u2019envers avec ses stries vertes ou cr\u00e8mes. La chair est jaune orang\u00e9,\u00e9paisse, farineuse et sucr\u00e9e. Tr\u00e8s longue conservation.<\/p>\n","protected":false},"excerpt":{"rendered":"<p>Fruit rond orange de 20 cm de diam\u00e8tre, renfl\u00e9 en dessous. Tr\u00e8s d\u00e9coratif \u00e0 l\u2019envers avec ses stries vertes ou cr\u00e8mes. La chair est jaune orang\u00e9,\u00e9paisse, farineuse et sucr\u00e9e. Tr\u00e8s longue conservation.<\/p>\n","protected":false},"featured_media":1512,"comment_status":"open","ping_status":"closed","template":"","meta":[],"product_brand":[],"product_cat":[35],"product_tag":[],"class_list":{"0":"post-873","1":"product","2":"type-product","3":"status-publish","4":"has-post-thumbnail","6":"product_cat-courge","8":"first","9":"instock","10":"shipping-taxable","11":"purchasable","12":"product-type-simple"},"_links":{"self":[{"href":"https:\/\/www.jardindelavegeyre.fr\/index.php\/wp-json\/wp\/v2\/product\/873","targetHints":{"allow":["GET"]}}],"collection":[{"href":"https:\/\/www.jardindelavegeyre.fr\/index.php\/wp-json\/wp\/v2\/product"}],"about":[{"href":"https:\/\/www.jardindelavegeyre.fr\/index.php\/wp-json\/wp\/v2\/types\/product"}],"replies":[{"embeddable":true,"href":"https:\/\/www.jardindelavegeyre.fr\/index.php\/wp-json\/wp\/v2\/comments?post=873"}],"wp:featuredmedia":[{"embeddable":true,"href":"https:\/\/www.jardindelavegeyre.fr\/index.php\/wp-json\/wp\/v2\/media\/1512"}],"wp:attachment":[{"href":"https:\/\/www.jardindelavegeyre.fr\/index.php\/wp-json\/wp\/v2\/media?parent=873"}],"wp:term":[{"taxonomy":"product_brand","embeddable":true,"href":"https:\/\/www.jardindelavegeyre.fr\/index.php\/wp-json\/wp\/v2\/product_brand?post=873"},{"taxonomy":"product_cat","embeddable":true,"href":"https:\/\/www.jardindelavegeyre.fr\/index.php\/wp-json\/wp\/v2\/product_cat?post=873"},{"taxonomy":"product_tag","embeddable":true,"href":"https:\/\/www.jardindelavegeyre.fr\/index.php\/wp-json\/wp\/v2\/product_tag?post=873"}],"curies":[{"name":"wp","href":"https:\/\/api.w.org\/{rel}","templated":true}]}}