{"id":875,"date":"2022-03-13T16:32:57","date_gmt":"2022-03-13T15:32:57","guid":{"rendered":"https:\/\/www.jardindelavegeyre.fr\/?post_type=product&#038;p=875"},"modified":"2026-04-24T08:10:48","modified_gmt":"2026-04-24T06:10:48","slug":"longuenice","status":"publish","type":"product","link":"https:\/\/www.jardindelavegeyre.fr\/index.php\/produit\/longuenice\/","title":{"rendered":"Longue de Nice"},"content":{"rendered":"<p>La courge Longue de Nice, Cucurbita moschata, est une vari\u00e9t\u00e9 coureuse, tardive et ancienne, originaire du sud de la France. Ses fruits longs et courb\u00e9s, pouvant atteindre 1 m de long et peser 10 kg, passent de vert \u00e0 ocre \u00e0 maturit\u00e9.<\/p>\n","protected":false},"excerpt":{"rendered":"<p>La courge Longue de Nice, Cucurbita moschata, est une vari\u00e9t\u00e9 coureuse, tardive et ancienne, originaire du sud de la France. Ses fruits longs et courb\u00e9s, pouvant atteindre 1 m de long et peser 10 kg, passent de vert \u00e0 ocre \u00e0 maturit\u00e9.<\/p>\n","protected":false},"featured_media":1514,"comment_status":"open","ping_status":"closed","template":"","meta":[],"product_brand":[],"product_cat":[35],"product_tag":[],"class_list":{"0":"post-875","1":"product","2":"type-product","3":"status-publish","4":"has-post-thumbnail","6":"product_cat-courge","8":"first","9":"instock","10":"shipping-taxable","11":"purchasable","12":"product-type-simple"},"_links":{"self":[{"href":"https:\/\/www.jardindelavegeyre.fr\/index.php\/wp-json\/wp\/v2\/product\/875","targetHints":{"allow":["GET"]}}],"collection":[{"href":"https:\/\/www.jardindelavegeyre.fr\/index.php\/wp-json\/wp\/v2\/product"}],"about":[{"href":"https:\/\/www.jardindelavegeyre.fr\/index.php\/wp-json\/wp\/v2\/types\/product"}],"replies":[{"embeddable":true,"href":"https:\/\/www.jardindelavegeyre.fr\/index.php\/wp-json\/wp\/v2\/comments?post=875"}],"wp:featuredmedia":[{"embeddable":true,"href":"https:\/\/www.jardindelavegeyre.fr\/index.php\/wp-json\/wp\/v2\/media\/1514"}],"wp:attachment":[{"href":"https:\/\/www.jardindelavegeyre.fr\/index.php\/wp-json\/wp\/v2\/media?parent=875"}],"wp:term":[{"taxonomy":"product_brand","embeddable":true,"href":"https:\/\/www.jardindelavegeyre.fr\/index.php\/wp-json\/wp\/v2\/product_brand?post=875"},{"taxonomy":"product_cat","embeddable":true,"href":"https:\/\/www.jardindelavegeyre.fr\/index.php\/wp-json\/wp\/v2\/product_cat?post=875"},{"taxonomy":"product_tag","embeddable":true,"href":"https:\/\/www.jardindelavegeyre.fr\/index.php\/wp-json\/wp\/v2\/product_tag?post=875"}],"curies":[{"name":"wp","href":"https:\/\/api.w.org\/{rel}","templated":true}]}}