{"id":879,"date":"2022-03-13T16:33:50","date_gmt":"2022-03-13T15:33:50","guid":{"rendered":"https:\/\/www.jardindelavegeyre.fr\/?post_type=product&#038;p=879"},"modified":"2026-04-24T08:10:48","modified_gmt":"2026-04-24T06:10:48","slug":"egypte","status":"publish","type":"product","link":"https:\/\/www.jardindelavegeyre.fr\/index.php\/produit\/egypte\/","title":{"rendered":"Blanche d\u2019Egypte"},"content":{"rendered":"<p>Fruit presque ovale, de couleur cr\u00e8me \u00e0 vert p\u00e2le. Cueillir quand les fruits sont encore jeunes et mesurent 15 cm de long (500 g env.). Chair dense et savoureuse, qui reste ferme \u00e0 la cuisson et convient bien pour la cong\u00e9lation<\/p>\n","protected":false},"excerpt":{"rendered":"<p>Fruit presque ovale, de couleur cr\u00e8me \u00e0 vert p\u00e2le. Cueillir quand les fruits sont encore jeunes et mesurent 15 cm de long (500 g env.). Chair dense et savoureuse, qui reste ferme \u00e0 la cuisson et convient bien pour la cong\u00e9lation<\/p>\n","protected":false},"featured_media":1517,"comment_status":"open","ping_status":"closed","template":"","meta":[],"product_brand":[],"product_cat":[36],"product_tag":[],"class_list":{"0":"post-879","1":"product","2":"type-product","3":"status-publish","4":"has-post-thumbnail","6":"product_cat-courgette","8":"first","9":"instock","10":"shipping-taxable","11":"purchasable","12":"product-type-simple"},"_links":{"self":[{"href":"https:\/\/www.jardindelavegeyre.fr\/index.php\/wp-json\/wp\/v2\/product\/879","targetHints":{"allow":["GET"]}}],"collection":[{"href":"https:\/\/www.jardindelavegeyre.fr\/index.php\/wp-json\/wp\/v2\/product"}],"about":[{"href":"https:\/\/www.jardindelavegeyre.fr\/index.php\/wp-json\/wp\/v2\/types\/product"}],"replies":[{"embeddable":true,"href":"https:\/\/www.jardindelavegeyre.fr\/index.php\/wp-json\/wp\/v2\/comments?post=879"}],"wp:featuredmedia":[{"embeddable":true,"href":"https:\/\/www.jardindelavegeyre.fr\/index.php\/wp-json\/wp\/v2\/media\/1517"}],"wp:attachment":[{"href":"https:\/\/www.jardindelavegeyre.fr\/index.php\/wp-json\/wp\/v2\/media?parent=879"}],"wp:term":[{"taxonomy":"product_brand","embeddable":true,"href":"https:\/\/www.jardindelavegeyre.fr\/index.php\/wp-json\/wp\/v2\/product_brand?post=879"},{"taxonomy":"product_cat","embeddable":true,"href":"https:\/\/www.jardindelavegeyre.fr\/index.php\/wp-json\/wp\/v2\/product_cat?post=879"},{"taxonomy":"product_tag","embeddable":true,"href":"https:\/\/www.jardindelavegeyre.fr\/index.php\/wp-json\/wp\/v2\/product_tag?post=879"}],"curies":[{"name":"wp","href":"https:\/\/api.w.org\/{rel}","templated":true}]}}