{"id":882,"date":"2022-03-13T16:34:38","date_gmt":"2022-03-13T15:34:38","guid":{"rendered":"https:\/\/www.jardindelavegeyre.fr\/?post_type=product&#038;p=882"},"modified":"2026-04-24T08:10:48","modified_gmt":"2026-04-24T06:10:48","slug":"ola-redonda","status":"publish","type":"product","link":"https:\/\/www.jardindelavegeyre.fr\/index.php\/produit\/ola-redonda\/","title":{"rendered":"Ola redonda"},"content":{"rendered":"<p>Vari\u00e9t\u00e9 produisant des courgettes rondes, vert clair parsem\u00e9es de blanc. Tr\u00e8s bon rendement de fruits qui peuvent \u00eatre cueillis quotidiennement. Fruit de 150 \u00e0 300g id\u00e9al pour la farce. Dans un endroit frais, il peut \u00eatre conserv\u00e9 pendant 4 \u00e0 5 semaines.<\/p>\n","protected":false},"excerpt":{"rendered":"<p>Vari\u00e9t\u00e9 produisant des courgettes rondes, vert clair parsem\u00e9es de blanc. Tr\u00e8s bon rendement de fruits qui peuvent \u00eatre cueillis quotidiennement. Fruit de 150 \u00e0 300g id\u00e9al pour la farce. Dans un endroit frais, il peut \u00eatre conserv\u00e9 pendant 4 \u00e0 5 semaines.<\/p>\n","protected":false},"featured_media":1519,"comment_status":"open","ping_status":"closed","template":"","meta":[],"product_brand":[],"product_cat":[36],"product_tag":[],"class_list":{"0":"post-882","1":"product","2":"type-product","3":"status-publish","4":"has-post-thumbnail","6":"product_cat-courgette","8":"first","9":"instock","10":"shipping-taxable","11":"purchasable","12":"product-type-simple"},"_links":{"self":[{"href":"https:\/\/www.jardindelavegeyre.fr\/index.php\/wp-json\/wp\/v2\/product\/882","targetHints":{"allow":["GET"]}}],"collection":[{"href":"https:\/\/www.jardindelavegeyre.fr\/index.php\/wp-json\/wp\/v2\/product"}],"about":[{"href":"https:\/\/www.jardindelavegeyre.fr\/index.php\/wp-json\/wp\/v2\/types\/product"}],"replies":[{"embeddable":true,"href":"https:\/\/www.jardindelavegeyre.fr\/index.php\/wp-json\/wp\/v2\/comments?post=882"}],"wp:featuredmedia":[{"embeddable":true,"href":"https:\/\/www.jardindelavegeyre.fr\/index.php\/wp-json\/wp\/v2\/media\/1519"}],"wp:attachment":[{"href":"https:\/\/www.jardindelavegeyre.fr\/index.php\/wp-json\/wp\/v2\/media?parent=882"}],"wp:term":[{"taxonomy":"product_brand","embeddable":true,"href":"https:\/\/www.jardindelavegeyre.fr\/index.php\/wp-json\/wp\/v2\/product_brand?post=882"},{"taxonomy":"product_cat","embeddable":true,"href":"https:\/\/www.jardindelavegeyre.fr\/index.php\/wp-json\/wp\/v2\/product_cat?post=882"},{"taxonomy":"product_tag","embeddable":true,"href":"https:\/\/www.jardindelavegeyre.fr\/index.php\/wp-json\/wp\/v2\/product_tag?post=882"}],"curies":[{"name":"wp","href":"https:\/\/api.w.org\/{rel}","templated":true}]}}