{"id":887,"date":"2022-03-13T16:35:52","date_gmt":"2022-03-13T15:35:52","guid":{"rendered":"https:\/\/www.jardindelavegeyre.fr\/?post_type=product&#038;p=887"},"modified":"2026-04-24T08:10:49","modified_gmt":"2026-04-24T06:10:49","slug":"sugar","status":"publish","type":"product","link":"https:\/\/www.jardindelavegeyre.fr\/index.php\/produit\/sugar\/","title":{"rendered":"Sugar baby"},"content":{"rendered":"<p>Cette vari\u00e9t\u00e9, pr\u00e9coce et productive, offre plusieurs fruits ronds de 3 \u00e0 4 kg. Leur \u00e9piderme vert, presque noir, et tr\u00e8s \u00e9pais renferme une chair rouge-orang\u00e9, ferme d\u2019excellente saveur sucr\u00e9e.<\/p>\n","protected":false},"excerpt":{"rendered":"<p>Cette vari\u00e9t\u00e9, pr\u00e9coce et productive, offre plusieurs fruits ronds de 3 \u00e0 4 kg. Leur \u00e9piderme vert, presque noir, et tr\u00e8s \u00e9pais renferme une chair rouge-orang\u00e9, ferme d\u2019excellente saveur sucr\u00e9e.<\/p>\n","protected":false},"featured_media":1532,"comment_status":"open","ping_status":"closed","template":"","meta":[],"product_brand":[],"product_cat":[37],"product_tag":[],"class_list":{"0":"post-887","1":"product","2":"type-product","3":"status-publish","4":"has-post-thumbnail","6":"product_cat-melon","8":"first","9":"instock","10":"shipping-taxable","11":"purchasable","12":"product-type-simple"},"_links":{"self":[{"href":"https:\/\/www.jardindelavegeyre.fr\/index.php\/wp-json\/wp\/v2\/product\/887","targetHints":{"allow":["GET"]}}],"collection":[{"href":"https:\/\/www.jardindelavegeyre.fr\/index.php\/wp-json\/wp\/v2\/product"}],"about":[{"href":"https:\/\/www.jardindelavegeyre.fr\/index.php\/wp-json\/wp\/v2\/types\/product"}],"replies":[{"embeddable":true,"href":"https:\/\/www.jardindelavegeyre.fr\/index.php\/wp-json\/wp\/v2\/comments?post=887"}],"wp:featuredmedia":[{"embeddable":true,"href":"https:\/\/www.jardindelavegeyre.fr\/index.php\/wp-json\/wp\/v2\/media\/1532"}],"wp:attachment":[{"href":"https:\/\/www.jardindelavegeyre.fr\/index.php\/wp-json\/wp\/v2\/media?parent=887"}],"wp:term":[{"taxonomy":"product_brand","embeddable":true,"href":"https:\/\/www.jardindelavegeyre.fr\/index.php\/wp-json\/wp\/v2\/product_brand?post=887"},{"taxonomy":"product_cat","embeddable":true,"href":"https:\/\/www.jardindelavegeyre.fr\/index.php\/wp-json\/wp\/v2\/product_cat?post=887"},{"taxonomy":"product_tag","embeddable":true,"href":"https:\/\/www.jardindelavegeyre.fr\/index.php\/wp-json\/wp\/v2\/product_tag?post=887"}],"curies":[{"name":"wp","href":"https:\/\/api.w.org\/{rel}","templated":true}]}}