{"id":911,"date":"2022-03-13T16:58:34","date_gmt":"2022-03-13T15:58:34","guid":{"rendered":"https:\/\/www.jardindelavegeyre.fr\/?post_type=product&#038;p=911"},"modified":"2026-05-04T18:28:48","modified_gmt":"2026-05-04T16:28:48","slug":"pantos","status":"publish","type":"product","link":"https:\/\/www.jardindelavegeyre.fr\/index.php\/produit\/pantos\/","title":{"rendered":"Pantos"},"content":{"rendered":"<p>Vari\u00e9t\u00e9 de type fruit pointu vert luisant qui \u00e0 maturit\u00e9 donne un rouge \u00e9tincellent( 20 cm pour 200 g en moyenne). Cette vari\u00e9t\u00e9 se caract\u00e9rise par sa vigueur exceptionnelle (pour des plantation en mars la culture atteint en septembre 2.5 \u00e0 3 m de haut). Pantos est tol\u00e9rante au pathog\u00e8ne du sol et se conduit g\u00e9n\u00e9ralement sur trois branches.<\/p>\n","protected":false},"excerpt":{"rendered":"<p>Vari\u00e9t\u00e9 de type fruit pointu vert luisant qui \u00e0 maturit\u00e9 donne un rouge \u00e9tincellent( 20 cm pour 200 g en moyenne). Cette vari\u00e9t\u00e9 se caract\u00e9rise par sa vigueur exceptionnelle (pour des plantation en mars la culture atteint en septembre 2.5 \u00e0 3 m de haut). Pantos est tol\u00e9rante au pathog\u00e8ne du sol et se conduit &#8230; <a title=\"Pantos\" class=\"read-more\" href=\"https:\/\/www.jardindelavegeyre.fr\/index.php\/produit\/pantos\/\" aria-label=\"En savoir plus sur Pantos\">Lire la suite<\/a><\/p>\n","protected":false},"featured_media":1548,"comment_status":"open","ping_status":"closed","template":"","meta":[],"product_brand":[],"product_cat":[60],"product_tag":[],"class_list":{"0":"post-911","1":"product","2":"type-product","3":"status-publish","4":"has-post-thumbnail","6":"product_cat-poivron","8":"first","9":"instock","10":"shipping-taxable","11":"purchasable","12":"product-type-simple"},"_links":{"self":[{"href":"https:\/\/www.jardindelavegeyre.fr\/index.php\/wp-json\/wp\/v2\/product\/911","targetHints":{"allow":["GET"]}}],"collection":[{"href":"https:\/\/www.jardindelavegeyre.fr\/index.php\/wp-json\/wp\/v2\/product"}],"about":[{"href":"https:\/\/www.jardindelavegeyre.fr\/index.php\/wp-json\/wp\/v2\/types\/product"}],"replies":[{"embeddable":true,"href":"https:\/\/www.jardindelavegeyre.fr\/index.php\/wp-json\/wp\/v2\/comments?post=911"}],"wp:featuredmedia":[{"embeddable":true,"href":"https:\/\/www.jardindelavegeyre.fr\/index.php\/wp-json\/wp\/v2\/media\/1548"}],"wp:attachment":[{"href":"https:\/\/www.jardindelavegeyre.fr\/index.php\/wp-json\/wp\/v2\/media?parent=911"}],"wp:term":[{"taxonomy":"product_brand","embeddable":true,"href":"https:\/\/www.jardindelavegeyre.fr\/index.php\/wp-json\/wp\/v2\/product_brand?post=911"},{"taxonomy":"product_cat","embeddable":true,"href":"https:\/\/www.jardindelavegeyre.fr\/index.php\/wp-json\/wp\/v2\/product_cat?post=911"},{"taxonomy":"product_tag","embeddable":true,"href":"https:\/\/www.jardindelavegeyre.fr\/index.php\/wp-json\/wp\/v2\/product_tag?post=911"}],"curies":[{"name":"wp","href":"https:\/\/api.w.org\/{rel}","templated":true}]}}