{"id":943,"date":"2022-03-16T06:14:27","date_gmt":"2022-03-16T05:14:27","guid":{"rendered":"https:\/\/www.jardindelavegeyre.fr\/?post_type=product&#038;p=943"},"modified":"2026-01-30T07:35:00","modified_gmt":"2026-01-30T06:35:00","slug":"tarassac","status":"publish","type":"product","link":"https:\/\/www.jardindelavegeyre.fr\/index.php\/produit\/tarassac\/","title":{"rendered":"Oignon jaune de Tarassac \u2013 Vendu par botte de 25"},"content":{"rendered":"<p>Gros oignon elliptique l\u00e9g\u00e8rement aplati, de 10-15 cm de diam\u00e8tre et jusqu&rsquo;\u00e0 500 g, \u00e0 peau brun-jaun\u00e2tre. La chair, blanche est douce. Cet oignon doux est cultiv\u00e9 depuis plusieurs g\u00e9n\u00e9rations paysannes dans la haute vall\u00e9e de l&rsquo;Orb en Languedoc et se conserve plus longtemps que l&rsquo;oignon des C\u00e9vennes classique. <\/p>\n","protected":false},"excerpt":{"rendered":"<p>Gros oignon elliptique l\u00e9g\u00e8rement aplati, de 10-15 cm de diam\u00e8tre et jusqu&rsquo;\u00e0 500 g, \u00e0 peau brun-jaun\u00e2tre. La chair, blanche est douce. Cet oignon doux est cultiv\u00e9 depuis plusieurs g\u00e9n\u00e9rations paysannes dans la haute vall\u00e9e de l&rsquo;Orb en Languedoc et se conserve plus longtemps que l&rsquo;oignon des C\u00e9vennes classique.<\/p>\n","protected":false},"featured_media":1528,"comment_status":"open","ping_status":"closed","template":"","meta":[],"product_brand":[],"product_cat":[15],"product_tag":[],"class_list":{"0":"post-943","1":"product","2":"type-product","3":"status-publish","4":"has-post-thumbnail","6":"product_cat-non-classe","8":"first","9":"instock","10":"shipping-taxable","11":"purchasable","12":"product-type-simple"},"_links":{"self":[{"href":"https:\/\/www.jardindelavegeyre.fr\/index.php\/wp-json\/wp\/v2\/product\/943","targetHints":{"allow":["GET"]}}],"collection":[{"href":"https:\/\/www.jardindelavegeyre.fr\/index.php\/wp-json\/wp\/v2\/product"}],"about":[{"href":"https:\/\/www.jardindelavegeyre.fr\/index.php\/wp-json\/wp\/v2\/types\/product"}],"replies":[{"embeddable":true,"href":"https:\/\/www.jardindelavegeyre.fr\/index.php\/wp-json\/wp\/v2\/comments?post=943"}],"wp:featuredmedia":[{"embeddable":true,"href":"https:\/\/www.jardindelavegeyre.fr\/index.php\/wp-json\/wp\/v2\/media\/1528"}],"wp:attachment":[{"href":"https:\/\/www.jardindelavegeyre.fr\/index.php\/wp-json\/wp\/v2\/media?parent=943"}],"wp:term":[{"taxonomy":"product_brand","embeddable":true,"href":"https:\/\/www.jardindelavegeyre.fr\/index.php\/wp-json\/wp\/v2\/product_brand?post=943"},{"taxonomy":"product_cat","embeddable":true,"href":"https:\/\/www.jardindelavegeyre.fr\/index.php\/wp-json\/wp\/v2\/product_cat?post=943"},{"taxonomy":"product_tag","embeddable":true,"href":"https:\/\/www.jardindelavegeyre.fr\/index.php\/wp-json\/wp\/v2\/product_tag?post=943"}],"curies":[{"name":"wp","href":"https:\/\/api.w.org\/{rel}","templated":true}]}}